{"id":32016,"date":"2020-09-16T05:09:49","date_gmt":"2020-09-16T05:09:49","guid":{"rendered":"https:\/\/mathematiks.permaculturacantabria.com\/home\/"},"modified":"2022-09-14T10:23:22","modified_gmt":"2022-09-14T10:23:22","slug":"home","status":"publish","type":"page","link":"https:\/\/mathematiks.permaculturacantabria.com\/lv\/","title":{"rendered":"Home"},"content":{"rendered":"\n<div class=\"wp-block-cover alignfull\" style=\"min-height:850px\"><span aria-hidden=\"true\" class=\"wp-block-cover__background has-vivid-cyan-blue-background-color has-background-dim-70 has-background-dim\"><\/span><div class=\"wp-block-cover__inner-container\">\n<p><\/p>\n\n\n\n<p><\/p>\n\n\n\n<p><\/p>\n\n\n\n<p class=\"has-text-align-center has-ast-global-color-5-color has-vivid-cyan-blue-background-color has-text-color has-background has-large-font-size\"><strong>MathemaTIKS for Primary School Teachers<br\/>(&#8220;MathemaTIKS&#8221;)<\/strong><\/p>\n\n\n\n<p class=\"has-text-align-center has-ast-global-color-5-color has-text-color has-medium-font-size\"><strong>(2019-1-PL01-KA201-065659)<\/strong><\/p>\n\n\n\n<p class=\"has-text-align-center\"><\/p>\n\n\n\n<div class=\"wp-container-1 is-horizontal is-content-justification-center wp-block-buttons\">\n<div class=\"wp-block-button has-custom-font-size has-medium-font-size\"><a class=\"wp-block-button__link has-ast-global-color-7-color has-vivid-cyan-blue-background-color has-text-color has-background\" href=\"https:\/\/mathematiks.permaculturacantabria.com\/all-courses\/\">View Courses<\/a><\/div>\n<\/div>\n<\/div><\/div>\n\n<div class=\"inherit-container-width wp-container-9 wp-block-group alignfull has-ast-global-color-5-background-color has-background\"><div class=\"wp-block-group__inner-container\">\n<div class=\"wp-container-8 wp-block-columns alignwide are-vertically-aligned-center\">\n<div class=\"wp-container-3 wp-block-column is-vertically-aligned-center\">\n<div class=\"inherit-container-width wp-container-2 wp-block-group\"><div class=\"wp-block-group__inner-container\"><\/div><\/div>\n<\/div>\n\n\n\n<div class=\"wp-container-5 wp-block-column is-vertically-aligned-center\">\n<div class=\"inherit-container-width wp-container-4 wp-block-group\"><div class=\"wp-block-group__inner-container\"><\/div><\/div>\n<\/div>\n\n\n\n<div class=\"wp-container-7 wp-block-column is-vertically-aligned-center\">\n<div class=\"inherit-container-width wp-container-6 wp-block-group\"><div class=\"wp-block-group__inner-container\"><\/div><\/div>\n<\/div>\n<\/div>\n<\/div><\/div>\n\n<div class=\"inherit-container-width wp-container-10 wp-block-group alignfull has-ast-global-color-4-background-color has-background\"><div class=\"wp-block-group__inner-container\">\n<h2 class=\"has-text-align-center\">Our Courses<\/h2>\n\n\n\n<p class=\"has-text-align-center\"><\/p>\n\n\n\n<p><\/p>\n\n\n<div id=\"ld-course-list-content-c4556973bc2af538cafa19d9bc0a5522\" class=\"ld-course-list-content\" data-shortcode-atts=\"{&quot;categoryselector&quot;:&quot;true&quot;,&quot;progress_bar&quot;:&quot;true&quot;,&quot;order&quot;:&quot;asc&quot;}\">\n\t\t\t<div class=\"ld-course-list-items row\">\n\t<!-- LearnDash Course Grid v1 --><div class=\"ld_course_grid col-sm-8 col-md-4 \">\n\t<article id=\"post-28712\" class=\" thumbnail course post-28712 sfwd-courses type-sfwd-courses status-publish hentry\">\n\t\t\t\t\t\t\t\t<div class=\"ribbon free\">\n\t\t\t\tFree\t\t\t<\/div>\n\t\t\t\n\t\t\t\t\t\t<a href=\"https:\/\/mathematiks.permaculturacantabria.com\/lv\/courses\/materiali\/\" rel=\"bookmark\">\n\t\t\t\t<img alt=\"\" src=\"https:\/\/mathematiks.permaculturacantabria.com\/wp-content\/plugins\/learndash-course-grid\/assets\/img\/thumbnail.jpg\"\/>\n\t\t\t<\/a>\n\t\t\t\t\t\n\t\t\t\t\t<div class=\"caption\">\n\t\t\t\t<h3 class=\"entry-title\">Materi\u0101li<\/h3>\n\t\t\t\t\t\t\t\t<div class=\"ld_course_grid_button\"><a class=\"btn btn-primary\" role=\"button\" href=\"https:\/\/mathematiks.permaculturacantabria.com\/lv\/courses\/materiali\/\" rel=\"bookmark\">Continue Study<\/a><\/div>\n\t\t\t\t\t\t\t\t\t\t\t\t\t\t\t\t\t\t\t\t\t\t\t\t\t\t\t<\/div><!-- .entry-header -->\n\t\t\t<\/article><!-- #post-## -->\n<\/div><!-- .ld_course_grid -->\n<!-- LearnDash Course Grid v1 --><div class=\"ld_course_grid col-sm-8 col-md-4 \">\n\t<article id=\"post-28796\" class=\" thumbnail course post-28796 sfwd-courses type-sfwd-courses status-publish hentry\">\n\t\t\t\t\t\t\t\t<div class=\"ribbon free\">\n\t\t\t\tFree\t\t\t<\/div>\n\t\t\t\n\t\t\t\t\t\t<a href=\"https:\/\/mathematiks.permaculturacantabria.com\/lv\/courses\/legaumesana\/\" rel=\"bookmark\">\n\t\t\t\t<img alt=\"\" src=\"https:\/\/mathematiks.permaculturacantabria.com\/wp-content\/plugins\/learndash-course-grid\/assets\/img\/thumbnail.jpg\"\/>\n\t\t\t<\/a>\n\t\t\t\t\t\n\t\t\t\t\t<div class=\"caption\">\n\t\t\t\t<h3 class=\"entry-title\">Legaum\u0113\u0161ana<\/h3>\n\t\t\t\t\t\t\t\t<div class=\"ld_course_grid_button\"><a class=\"btn btn-primary\" role=\"button\" href=\"https:\/\/mathematiks.permaculturacantabria.com\/lv\/courses\/legaumesana\/\" rel=\"bookmark\">Continue Study<\/a><\/div>\n\t\t\t\t\t\t\t\t\t\t\t\t\t\t\t\t\t\t\t\t\t\t\t\t\t\t\t<\/div><!-- .entry-header -->\n\t\t\t<\/article><!-- #post-## -->\n<\/div><!-- .ld_course_grid -->\n<!-- LearnDash Course Grid v1 --><div class=\"ld_course_grid col-sm-8 col-md-4 \">\n\t<article id=\"post-29334\" class=\" thumbnail course post-29334 sfwd-courses type-sfwd-courses status-publish hentry\">\n\t\t\t\t\t\t\t\t<div class=\"ribbon free\">\n\t\t\t\tFree\t\t\t<\/div>\n\t\t\t\n\t\t\t\t\t\t<a href=\"https:\/\/mathematiks.permaculturacantabria.com\/lv\/courses\/kapinasana-kvadrata\/\" rel=\"bookmark\">\n\t\t\t\t<img alt=\"\" src=\"https:\/\/mathematiks.permaculturacantabria.com\/wp-content\/plugins\/learndash-course-grid\/assets\/img\/thumbnail.jpg\"\/>\n\t\t\t<\/a>\n\t\t\t\t\t\n\t\t\t\t\t<div class=\"caption\">\n\t\t\t\t<h3 class=\"entry-title\">K\u0101pin\u0101\u0161ana kvadr\u0101t\u0101<\/h3>\n\t\t\t\t\t\t\t\t<div class=\"ld_course_grid_button\"><a class=\"btn btn-primary\" role=\"button\" href=\"https:\/\/mathematiks.permaculturacantabria.com\/lv\/courses\/kapinasana-kvadrata\/\" rel=\"bookmark\">Continue Study<\/a><\/div>\n\t\t\t\t\t\t\t\t\t\t\t\t\t\t\t\t\t\t\t\t\t\t\t\t\t\t\t<\/div><!-- .entry-header -->\n\t\t\t<\/article><!-- #post-## -->\n<\/div><!-- .ld_course_grid -->\n<!-- LearnDash Course Grid v1 --><div class=\"ld_course_grid col-sm-8 col-md-4 \">\n\t<article id=\"post-29592\" class=\" thumbnail course post-29592 sfwd-courses type-sfwd-courses status-publish hentry\">\n\t\t\t\t\t\t\t\t<div class=\"ribbon free\">\n\t\t\t\tFree\t\t\t<\/div>\n\t\t\t\n\t\t\t\t\t\t<a href=\"https:\/\/mathematiks.permaculturacantabria.com\/lv\/courses\/dalskaitli\/\" rel=\"bookmark\">\n\t\t\t\t<img alt=\"\" src=\"https:\/\/mathematiks.permaculturacantabria.com\/wp-content\/plugins\/learndash-course-grid\/assets\/img\/thumbnail.jpg\"\/>\n\t\t\t<\/a>\n\t\t\t\t\t\n\t\t\t\t\t<div class=\"caption\">\n\t\t\t\t<h3 class=\"entry-title\">Da\u013cskait\u013ci<\/h3>\n\t\t\t\t\t\t\t\t<div class=\"ld_course_grid_button\"><a class=\"btn btn-primary\" role=\"button\" href=\"https:\/\/mathematiks.permaculturacantabria.com\/lv\/courses\/dalskaitli\/\" rel=\"bookmark\">Continue Study<\/a><\/div>\n\t\t\t\t\t\t\t\t\t\t\t\t\t\t\t\t\t\t\t\t\t\t\t\t\t\t\t<\/div><!-- .entry-header -->\n\t\t\t<\/article><!-- #post-## -->\n<\/div><!-- .ld_course_grid -->\n\t<\/div>\n\t\t\t<\/div>\n\t\t\n<\/div><\/div>\n\n<div class=\"inherit-container-width wp-container-11 wp-block-group alignfull has-ast-global-color-5-background-color has-background\"><div class=\"wp-block-group__inner-container\">\n<p class=\"has-text-align-center\"><\/p>\n\n\n\n<p><\/p>\n<\/div><\/div>\n\n<div class=\"inherit-container-width wp-container-18 wp-block-group alignfull has-ast-global-color-4-background-color has-background\"><div class=\"wp-block-group__inner-container\">\n<h2 class=\"has-text-align-center\"><\/h2>\n\n\n\n<div class=\"wp-container-14 wp-block-columns\">\n<div class=\"wp-container-12 wp-block-column\"><\/div>\n\n\n\n<div class=\"wp-container-13 wp-block-column is-vertically-aligned-center\"><\/div>\n<\/div>\n\n\n\n<div class=\"wp-container-17 wp-block-columns\">\n<div class=\"wp-container-15 wp-block-column\"><\/div>\n\n\n\n<div class=\"wp-container-16 wp-block-column\"><\/div>\n<\/div>\n<\/div><\/div>\n","protected":false},"excerpt":{"rendered":"<p>Our Courses<\/p>\n","protected":false},"author":1,"featured_media":0,"parent":0,"menu_order":0,"comment_status":"closed","ping_status":"closed","template":"","meta":{"site-sidebar-layout":"no-sidebar","site-content-layout":"plain-container","ast-global-header-display":"","ast-main-header-display":"","ast-hfb-above-header-display":"","ast-hfb-below-header-display":"","ast-hfb-mobile-header-display":"","site-post-title":"disabled","ast-breadcrumbs-content":"","ast-featured-img":"disabled","footer-sml-layout":"","theme-transparent-header-meta":"enabled","adv-header-id-meta":"","stick-header-meta":"","header-above-stick-meta":"","header-main-stick-meta":"","header-below-stick-meta":""},"uagb_featured_image_src":{"full":false,"thumbnail":false,"medium":false,"medium_large":false,"large":false,"1536x1536":false,"2048x2048":false},"uagb_author_info":{"display_name":"admin","author_link":"https:\/\/mathematiks.permaculturacantabria.com\/lv\/author\/admin\/"},"uagb_comment_info":0,"uagb_excerpt":"Our Courses","_links":{"self":[{"href":"https:\/\/mathematiks.permaculturacantabria.com\/lv\/wp-json\/wp\/v2\/pages\/32016"}],"collection":[{"href":"https:\/\/mathematiks.permaculturacantabria.com\/lv\/wp-json\/wp\/v2\/pages"}],"about":[{"href":"https:\/\/mathematiks.permaculturacantabria.com\/lv\/wp-json\/wp\/v2\/types\/page"}],"author":[{"embeddable":true,"href":"https:\/\/mathematiks.permaculturacantabria.com\/lv\/wp-json\/wp\/v2\/users\/1"}],"replies":[{"embeddable":true,"href":"https:\/\/mathematiks.permaculturacantabria.com\/lv\/wp-json\/wp\/v2\/comments?post=32016"}],"version-history":[{"count":1,"href":"https:\/\/mathematiks.permaculturacantabria.com\/lv\/wp-json\/wp\/v2\/pages\/32016\/revisions"}],"predecessor-version":[{"id":32017,"href":"https:\/\/mathematiks.permaculturacantabria.com\/lv\/wp-json\/wp\/v2\/pages\/32016\/revisions\/32017"}],"wp:attachment":[{"href":"https:\/\/mathematiks.permaculturacantabria.com\/lv\/wp-json\/wp\/v2\/media?parent=32016"}],"curies":[{"name":"wp","href":"https:\/\/api.w.org\/{rel}","templated":true}]}}